{"id":8277,"date":"2019-09-07T16:30:52","date_gmt":"2019-09-07T13:30:52","guid":{"rendered":"https:\/\/intersalon.ee\/?page_id=8277"},"modified":"2024-05-17T10:27:52","modified_gmt":"2024-05-17T07:27:52","slug":"evelin-mandmaa","status":"publish","type":"page","link":"https:\/\/intersalon.ee\/en\/evelin-mandmaa\/","title":{"rendered":"Evelin M\u00e4ndmaa"},"content":{"rendered":"<div class=\"wpb-content-wrapper\"><section class=\"content-section full-width with-col cover rella-no-padding rella-no-margin    content-section-69e6ce89bfa24\"><div class=\"row vc_row-fluid\"><div class=\"wpb_column col-md-12\"><h2  class=\"section-title  mb-70 mb-sm-40 font-alt align-left\" >Evelin M\u00e4ndmaa - beautician<\/h2><\/div><\/div><\/section><section  class=\"content-section full-width with-col cover rella-no-padding rella-no-margin    content-section-69e6ce89bfad0\"><div class=\"row vc_row-fluid\"><div class=\"wpb_column col-md-6\"><div class=\"section-text text-block \" ><p class=\"p2\">Olen s\u00fcndinud 1985. aastal Haapsalus. Mind on paelunud t\u00fcdrukueast saati iluteemad, ajakirjadest l\u00f5ikasin v\u00e4lja rubriike, kus olid modellid kaunite meikide ja soengutega. Puberteedieas hakkasin ma huvi tundma n\u00e4onaha vastu, kuna paratamatult kiusasid ka mind vistrikud ja soovides olla kauni ning puhta nahaga, \u00f5ppisin ma juba \u00fcsna varakult selgeks nahahoolduse. L\u00f5petades keskkooli, suundusin ma otsejoones \u00f5ppima kosmeetikakooli &#8211; Eesti Esimene<br \/>\nErakosmeetikakool Rahvusvaheline CIDESCO. Sealt ma sain v\u00e4ga head \u00f5pet nii teoorias kui ka praktikas. Olen t\u00f6\u00f6tanud iluvaldkonnas aastast 2006 t\u00e4nase p\u00e4evani ja tunnen end sellel alal juba p\u00e4ris kindlalt.<\/p>\n<p class=\"p2\">Samuti olen ma l\u00e4binud palju erinevaid kursuseid, koolitusi ja j\u00e4tkan sellega ka tulevikus, et t\u00e4nap\u00e4eva trendidega kaasas k\u00e4ia.<\/p>\n<\/div><\/div><div class=\"wpb_column col-md-6\"><div  class=\"full-block align-left\" ><a href=\"https:\/\/intersalon.ee\/wp-content\/uploads\/2024\/05\/Evelin.jpg\" class=\"lightbox-gallery-2 mfp-image\"><img loading=\"lazy\" decoding=\"async\"  src=\"https:\/\/intersalon.ee\/wp-content\/uploads\/2024\/05\/Evelin.jpg\"  width=\"1364\" height=\"1829\" alt=\"Evelin M\u00e4ndmaa\" \/><\/a><\/div><\/div><\/div><\/section><section  class=\"content-section full-width with-col cover rella-no-padding rella-no-margin    content-section-69e6ce89bfe2b\"><div class=\"row vc_row-fluid\"><div class=\"wpb_column col-md-12\"><div class=\"section-text text-block \" ><p class=\"p2\">Olen kosmeetik (n\u00e4ohooldus, depilatsioon, keemiline v\u00e4rvimine ripsmetele\/kulmudele, kulmude korrigeerimine, lash lift), ripsmetehnik, jumestaja ning lisaks tegelen veel ka individuaalsete meigikoolitustega.<\/p>\n<p class=\"p2\">Kui Sa teed t\u00f6\u00f6d armastusega, s\u00fcnnib sellest midagi ilusat &#8230; Mina teen seda!<\/p>\n<\/div><\/div><\/div><\/section><section  class=\"content-section full-width with-col cover custom-padding rella-no-margin    content-section-69e6ce89bfedc\"><div class=\"row vc_row-fluid\"><div class=\"wpb_column col-md-12\"><div  class=\"mb-10\"><a href=\"https:\/\/intersalon.ee\/en\/services\/beautician\/\" title=\"View price list\" target=\"_self\" class=\"btn  btn-mod  btn-large btn-border btn-round\"> View price list <\/a><\/div><\/div><\/div><\/section>\n<\/div>","protected":false},"excerpt":{"rendered":"Evelin M\u00e4ndmaa - beauticianOlen s\u00fcndinud 1985. aastal Haapsalus. Mind on paelunud t\u00fcdrukueast saati iluteemad, ajakirjadest l\u00f5ikasin v\u00e4lja rubriike, kus olid modellid kaunite meikide ja soengutega. Puberteedieas hakkasin ma huvi tundma n\u00e4onaha vastu, kuna paratamatult kiusasid ka mind vistrikud ja soovides olla kauni ning puhta nahaga, \u00f5ppisin ma juba \u00fcsna varakult selgeks nahahoolduse. L\u00f5petades keskkooli, suundusin","protected":false},"author":1,"featured_media":8291,"parent":0,"menu_order":0,"comment_status":"closed","ping_status":"closed","template":"","meta":{"inline_featured_image":false,"footnotes":"","_wp_rev_ctl_limit":""},"class_list":["post-8277","page","type-page","status-publish","has-post-thumbnail","hentry"],"yoast_head":"<!-- This site is optimized with the Yoast SEO plugin v27.1.1 - https:\/\/yoast.com\/product\/yoast-seo-wordpress\/ -->\n<title>Evelin M\u00e4ndmaa - Ilusalong Intersalon<\/title>\n<meta name=\"description\" content=\"Olen s\u00fcndinud 1985. aastal Haapsalus. Mind on paelunud t\u00fcdrukueast saatiiluteemad, ajakirjadest l\u00f5ikasin v\u00e4lja rubriike, kus olid modellid kaunitemeikide ja soengutega.\" \/>\n<meta name=\"robots\" content=\"index, follow, max-snippet:-1, max-image-preview:large, max-video-preview:-1\" \/>\n<link rel=\"canonical\" href=\"https:\/\/intersalon.ee\/en\/evelin-mandmaa\/\" \/>\n<meta property=\"og:locale\" content=\"en_US\" \/>\n<meta property=\"og:type\" content=\"article\" \/>\n<meta property=\"og:title\" content=\"Evelin M\u00e4ndmaa - Ilusalong Intersalon\" \/>\n<meta property=\"og:description\" content=\"Olen s\u00fcndinud 1985. aastal Haapsalus. Mind on paelunud t\u00fcdrukueast saatiiluteemad, ajakirjadest l\u00f5ikasin v\u00e4lja rubriike, kus olid modellid kaunitemeikide ja soengutega.\" \/>\n<meta property=\"og:url\" content=\"https:\/\/intersalon.ee\/en\/evelin-mandmaa\/\" \/>\n<meta property=\"og:site_name\" content=\"Ilusalong Intersalon\" \/>\n<meta property=\"article:publisher\" content=\"https:\/\/www.facebook.com\/IlusalongIntersalon\" \/>\n<meta property=\"article:modified_time\" content=\"2024-05-17T07:27:52+00:00\" \/>\n<meta property=\"og:image\" content=\"https:\/\/intersalon.ee\/wp-content\/uploads\/2019\/09\/evelin-mandmaa.jpg\" \/>\n\t<meta property=\"og:image:width\" content=\"640\" \/>\n\t<meta property=\"og:image:height\" content=\"960\" \/>\n\t<meta property=\"og:image:type\" content=\"image\/jpeg\" \/>\n<meta name=\"twitter:card\" content=\"summary_large_image\" \/>\n<meta name=\"twitter:label1\" content=\"Est. reading time\" \/>\n\t<meta name=\"twitter:data1\" content=\"2 minutes\" \/>\n<script type=\"application\/ld+json\" class=\"yoast-schema-graph\">{\"@context\":\"https:\/\/schema.org\",\"@graph\":[{\"@type\":\"WebPage\",\"@id\":\"https:\/\/intersalon.ee\/en\/evelin-mandmaa\/\",\"url\":\"https:\/\/intersalon.ee\/en\/evelin-mandmaa\/\",\"name\":\"Evelin M\u00e4ndmaa - Ilusalong Intersalon\",\"isPartOf\":{\"@id\":\"https:\/\/intersalon.ee\/#website\"},\"primaryImageOfPage\":{\"@id\":\"https:\/\/intersalon.ee\/en\/evelin-mandmaa\/#primaryimage\"},\"image\":{\"@id\":\"https:\/\/intersalon.ee\/en\/evelin-mandmaa\/#primaryimage\"},\"thumbnailUrl\":\"https:\/\/intersalon.ee\/wp-content\/uploads\/2019\/09\/evelin-mandmaa.jpg\",\"datePublished\":\"2019-09-07T13:30:52+00:00\",\"dateModified\":\"2024-05-17T07:27:52+00:00\",\"description\":\"Olen s\u00fcndinud 1985. aastal Haapsalus. Mind on paelunud t\u00fcdrukueast saatiiluteemad, ajakirjadest l\u00f5ikasin v\u00e4lja rubriike, kus olid modellid kaunitemeikide ja soengutega.\",\"breadcrumb\":{\"@id\":\"https:\/\/intersalon.ee\/en\/evelin-mandmaa\/#breadcrumb\"},\"inLanguage\":\"en-US\",\"potentialAction\":[{\"@type\":\"ReadAction\",\"target\":[\"https:\/\/intersalon.ee\/en\/evelin-mandmaa\/\"]}]},{\"@type\":\"ImageObject\",\"inLanguage\":\"en-US\",\"@id\":\"https:\/\/intersalon.ee\/en\/evelin-mandmaa\/#primaryimage\",\"url\":\"https:\/\/intersalon.ee\/wp-content\/uploads\/2019\/09\/evelin-mandmaa.jpg\",\"contentUrl\":\"https:\/\/intersalon.ee\/wp-content\/uploads\/2019\/09\/evelin-mandmaa.jpg\",\"width\":640,\"height\":960,\"caption\":\"Evelin M\u00e4ndmaa\"},{\"@type\":\"BreadcrumbList\",\"@id\":\"https:\/\/intersalon.ee\/en\/evelin-mandmaa\/#breadcrumb\",\"itemListElement\":[{\"@type\":\"ListItem\",\"position\":1,\"name\":\"Home\",\"item\":\"https:\/\/intersalon.ee\/en\/\"},{\"@type\":\"ListItem\",\"position\":2,\"name\":\"Evelin M\u00e4ndmaa\"}]},{\"@type\":\"WebSite\",\"@id\":\"https:\/\/intersalon.ee\/#website\",\"url\":\"https:\/\/intersalon.ee\/\",\"name\":\"Ilusalong Tallinnas\",\"description\":\"Ilusalong Tallinnas\",\"publisher\":{\"@id\":\"https:\/\/intersalon.ee\/#organization\"},\"potentialAction\":[{\"@type\":\"SearchAction\",\"target\":{\"@type\":\"EntryPoint\",\"urlTemplate\":\"https:\/\/intersalon.ee\/?s={search_term_string}\"},\"query-input\":{\"@type\":\"PropertyValueSpecification\",\"valueRequired\":true,\"valueName\":\"search_term_string\"}}],\"inLanguage\":\"en-US\"},{\"@type\":\"Organization\",\"@id\":\"https:\/\/intersalon.ee\/#organization\",\"name\":\"Ilusalong Intersalon\",\"url\":\"https:\/\/intersalon.ee\/\",\"logo\":{\"@type\":\"ImageObject\",\"inLanguage\":\"en-US\",\"@id\":\"https:\/\/intersalon.ee\/#\/schema\/logo\/image\/\",\"url\":\"https:\/\/intersalon.ee\/wp-content\/uploads\/2015\/09\/intersalon_logo.png\",\"contentUrl\":\"https:\/\/intersalon.ee\/wp-content\/uploads\/2015\/09\/intersalon_logo.png\",\"width\":519,\"height\":370,\"caption\":\"Ilusalong Intersalon\"},\"image\":{\"@id\":\"https:\/\/intersalon.ee\/#\/schema\/logo\/image\/\"},\"sameAs\":[\"https:\/\/www.facebook.com\/IlusalongIntersalon\",\"https:\/\/www.instagram.com\/ilusalongintersalon\/\",\"https:\/\/www.pinterest.com\/intersalon\/\",\"https:\/\/www.youtube.com\/channel\/UC1ggIlZOY_4v9qbzPLCE5Zg\"]}]}<\/script>\n<!-- \/ Yoast SEO plugin. -->","yoast_head_json":{"title":"Evelin M\u00e4ndmaa - Ilusalong Intersalon","description":"Olen s\u00fcndinud 1985. aastal Haapsalus. Mind on paelunud t\u00fcdrukueast saatiiluteemad, ajakirjadest l\u00f5ikasin v\u00e4lja rubriike, kus olid modellid kaunitemeikide ja soengutega.","robots":{"index":"index","follow":"follow","max-snippet":"max-snippet:-1","max-image-preview":"max-image-preview:large","max-video-preview":"max-video-preview:-1"},"canonical":"https:\/\/intersalon.ee\/en\/evelin-mandmaa\/","og_locale":"en_US","og_type":"article","og_title":"Evelin M\u00e4ndmaa - Ilusalong Intersalon","og_description":"Olen s\u00fcndinud 1985. aastal Haapsalus. Mind on paelunud t\u00fcdrukueast saatiiluteemad, ajakirjadest l\u00f5ikasin v\u00e4lja rubriike, kus olid modellid kaunitemeikide ja soengutega.","og_url":"https:\/\/intersalon.ee\/en\/evelin-mandmaa\/","og_site_name":"Ilusalong Intersalon","article_publisher":"https:\/\/www.facebook.com\/IlusalongIntersalon","article_modified_time":"2024-05-17T07:27:52+00:00","og_image":[{"width":640,"height":960,"url":"https:\/\/intersalon.ee\/wp-content\/uploads\/2019\/09\/evelin-mandmaa.jpg","type":"image\/jpeg"}],"twitter_card":"summary_large_image","twitter_misc":{"Est. reading time":"2 minutes"},"schema":{"@context":"https:\/\/schema.org","@graph":[{"@type":"WebPage","@id":"https:\/\/intersalon.ee\/en\/evelin-mandmaa\/","url":"https:\/\/intersalon.ee\/en\/evelin-mandmaa\/","name":"Evelin M\u00e4ndmaa - Ilusalong Intersalon","isPartOf":{"@id":"https:\/\/intersalon.ee\/#website"},"primaryImageOfPage":{"@id":"https:\/\/intersalon.ee\/en\/evelin-mandmaa\/#primaryimage"},"image":{"@id":"https:\/\/intersalon.ee\/en\/evelin-mandmaa\/#primaryimage"},"thumbnailUrl":"https:\/\/intersalon.ee\/wp-content\/uploads\/2019\/09\/evelin-mandmaa.jpg","datePublished":"2019-09-07T13:30:52+00:00","dateModified":"2024-05-17T07:27:52+00:00","description":"Olen s\u00fcndinud 1985. aastal Haapsalus. Mind on paelunud t\u00fcdrukueast saatiiluteemad, ajakirjadest l\u00f5ikasin v\u00e4lja rubriike, kus olid modellid kaunitemeikide ja soengutega.","breadcrumb":{"@id":"https:\/\/intersalon.ee\/en\/evelin-mandmaa\/#breadcrumb"},"inLanguage":"en-US","potentialAction":[{"@type":"ReadAction","target":["https:\/\/intersalon.ee\/en\/evelin-mandmaa\/"]}]},{"@type":"ImageObject","inLanguage":"en-US","@id":"https:\/\/intersalon.ee\/en\/evelin-mandmaa\/#primaryimage","url":"https:\/\/intersalon.ee\/wp-content\/uploads\/2019\/09\/evelin-mandmaa.jpg","contentUrl":"https:\/\/intersalon.ee\/wp-content\/uploads\/2019\/09\/evelin-mandmaa.jpg","width":640,"height":960,"caption":"Evelin M\u00e4ndmaa"},{"@type":"BreadcrumbList","@id":"https:\/\/intersalon.ee\/en\/evelin-mandmaa\/#breadcrumb","itemListElement":[{"@type":"ListItem","position":1,"name":"Home","item":"https:\/\/intersalon.ee\/en\/"},{"@type":"ListItem","position":2,"name":"Evelin M\u00e4ndmaa"}]},{"@type":"WebSite","@id":"https:\/\/intersalon.ee\/#website","url":"https:\/\/intersalon.ee\/","name":"Ilusalong Tallinnas","description":"Ilusalong Tallinnas","publisher":{"@id":"https:\/\/intersalon.ee\/#organization"},"potentialAction":[{"@type":"SearchAction","target":{"@type":"EntryPoint","urlTemplate":"https:\/\/intersalon.ee\/?s={search_term_string}"},"query-input":{"@type":"PropertyValueSpecification","valueRequired":true,"valueName":"search_term_string"}}],"inLanguage":"en-US"},{"@type":"Organization","@id":"https:\/\/intersalon.ee\/#organization","name":"Ilusalong Intersalon","url":"https:\/\/intersalon.ee\/","logo":{"@type":"ImageObject","inLanguage":"en-US","@id":"https:\/\/intersalon.ee\/#\/schema\/logo\/image\/","url":"https:\/\/intersalon.ee\/wp-content\/uploads\/2015\/09\/intersalon_logo.png","contentUrl":"https:\/\/intersalon.ee\/wp-content\/uploads\/2015\/09\/intersalon_logo.png","width":519,"height":370,"caption":"Ilusalong Intersalon"},"image":{"@id":"https:\/\/intersalon.ee\/#\/schema\/logo\/image\/"},"sameAs":["https:\/\/www.facebook.com\/IlusalongIntersalon","https:\/\/www.instagram.com\/ilusalongintersalon\/","https:\/\/www.pinterest.com\/intersalon\/","https:\/\/www.youtube.com\/channel\/UC1ggIlZOY_4v9qbzPLCE5Zg"]}]}},"_links":{"self":[{"href":"https:\/\/intersalon.ee\/en\/wp-json\/wp\/v2\/pages\/8277","targetHints":{"allow":["GET"]}}],"collection":[{"href":"https:\/\/intersalon.ee\/en\/wp-json\/wp\/v2\/pages"}],"about":[{"href":"https:\/\/intersalon.ee\/en\/wp-json\/wp\/v2\/types\/page"}],"author":[{"embeddable":true,"href":"https:\/\/intersalon.ee\/en\/wp-json\/wp\/v2\/users\/1"}],"replies":[{"embeddable":true,"href":"https:\/\/intersalon.ee\/en\/wp-json\/wp\/v2\/comments?post=8277"}],"version-history":[{"count":13,"href":"https:\/\/intersalon.ee\/en\/wp-json\/wp\/v2\/pages\/8277\/revisions"}],"predecessor-version":[{"id":22592,"href":"https:\/\/intersalon.ee\/en\/wp-json\/wp\/v2\/pages\/8277\/revisions\/22592"}],"wp:featuredmedia":[{"embeddable":true,"href":"https:\/\/intersalon.ee\/en\/wp-json\/wp\/v2\/media\/8291"}],"wp:attachment":[{"href":"https:\/\/intersalon.ee\/en\/wp-json\/wp\/v2\/media?parent=8277"}],"curies":[{"name":"wp","href":"https:\/\/api.w.org\/{rel}","templated":true}]}}