{"id":8106,"date":"2019-05-05T17:42:30","date_gmt":"2019-05-05T14:42:30","guid":{"rendered":"https:\/\/intersalon.ee\/?page_id=8106"},"modified":"2019-05-05T17:42:30","modified_gmt":"2019-05-05T14:42:30","slug":"madli-maasikas","status":"publish","type":"page","link":"https:\/\/intersalon.ee\/en\/about-us\/madli-maasikas\/","title":{"rendered":"Madli Maasikas"},"content":{"rendered":"<div class=\"wpb-content-wrapper\"><section class=\"content-section full-width with-col cover rella-no-padding rella-no-margin    content-section-69d6ae7651b67\"><div class=\"row vc_row-fluid\"><div class=\"wpb_column col-md-12\"><h2  class=\"section-title  mb-70 mb-sm-40 font-alt align-left\" >Madli Maasikas - jumestaja<\/h2><\/div><\/div><\/section><section  class=\"content-section full-width with-col cover rella-no-padding rella-no-margin    content-section-69d6ae7651c14\"><div class=\"row vc_row-fluid\"><div class=\"wpb_column col-md-6\"><div class=\"section-text text-block \" style=\"color:#0a0a0a;font-size:16px;\"><p>Olen s\u00fcndinud 1995. aastal ja kasvasin \u00fcles J\u00fcris. Minu haridustee sai alguse J\u00fcri G\u00fcmnaasiumis, mille l\u00f5petasin kuldmedaliga. P\u00e4rast keskkooli l\u00f5ppu suundusin Tallinna Tehnika\u00fclikooli geenitehnoloogiat \u00f5ppima. Hinges on mind alati t\u00f5mmanud iluvaldkond ja meik, mist\u00f5ttu otsustasin eriala vahetada. Kui olin l\u00e4inud Glow International Make-up Schooli jumestamist \u00f5ppima, siis tundsin, et olin teinud \u00f5ige valiku.<\/p>\n<p>\u00dched parimad hetked mu p\u00e4evas on tavaliselt seotud meigiga. Olgu see siis meik iseendale v\u00f5i kliendile. Mulle meeldib jumestamise juures loominguline vabadus v\u00e4ljendada end l\u00e4bi meigi. Iga klient on erinev ja pakub uusi v\u00e4ljakutseid. Meigi tegemine tekitab minus suurep\u00e4rase tunde ja motiveerib edasi \u00f5ppima.<\/p>\n<p>Mu eesm\u00e4rk on end edaspidi igak\u00fclgselt t\u00e4iendada ja astuda Grimmikooli. Olen teinud koost\u00f6\u00f6d ajakirjaga Nipiraamat ja osalenud l\u00fchikese aja jooksul mitmete moeshowde (\u201eKuldl\u00f5ige\u201c, \u201eMoelennuk\u201c, \u201e\u00d6\u00d6P\u201c) meigitiimides.<\/p>\n<\/div><\/div><div class=\"wpb_column col-md-6\"><div  class=\"full-block align-left\" ><a href=\"https:\/\/intersalon.ee\/wp-content\/uploads\/2019\/05\/MadliMaasikas_portree_web.jpg\" class=\"lightbox-gallery-2 mfp-image\"><img loading=\"lazy\" decoding=\"async\"  src=\"https:\/\/intersalon.ee\/wp-content\/uploads\/2019\/05\/MadliMaasikas_portree_web.jpg\"  width=\"2048\" height=\"3071\" alt=\"jumestaja Madli Maasikas\" \/><\/a><\/div><\/div><\/div><\/section><section  class=\"content-section full-width with-col cover custom-padding rella-no-margin    content-section-69d6ae7651e84\"><div class=\"row vc_row-fluid\"><div class=\"wpb_column col-md-12 wow fadeInUp\" data-wow-delay=\".3s\"><div  class=\"mb-10\"><a href=\"http:\/\/intersalon.ee\/teenused\/jumestus\" title=\"jumestus\" target=\"_self\" class=\"btn btn-custom-69d6ae7651ee3 btn-mod  btn-large btn-border btn-round\"> Vaata hinnakirja <\/a><\/div><\/div><\/div><\/section>\n<\/div>","protected":false},"excerpt":{"rendered":"Madli Maasikas - jumestajaOlen s\u00fcndinud 1995. aastal ja kasvasin \u00fcles J\u00fcris. Minu haridustee sai alguse J\u00fcri G\u00fcmnaasiumis, mille l\u00f5petasin kuldmedaliga. P\u00e4rast keskkooli l\u00f5ppu suundusin Tallinna Tehnika\u00fclikooli geenitehnoloogiat \u00f5ppima. Hinges on mind alati t\u00f5mmanud iluvaldkond ja meik, mist\u00f5ttu otsustasin eriala vahetada. Kui olin l\u00e4inud Glow International Make-up Schooli jumestamist \u00f5ppima, siis tundsin, et olin teinud \u00f5ige","protected":false},"author":1,"featured_media":8107,"parent":5368,"menu_order":0,"comment_status":"closed","ping_status":"closed","template":"","meta":{"inline_featured_image":false,"footnotes":"","_wp_rev_ctl_limit":""},"class_list":["post-8106","page","type-page","status-publish","has-post-thumbnail","hentry"],"yoast_head":"<!-- This site is optimized with the Yoast SEO plugin v27.1.1 - https:\/\/yoast.com\/product\/yoast-seo-wordpress\/ -->\n<title>Madli Maasikas - Ilusalong Intersalon<\/title>\n<meta name=\"robots\" content=\"index, follow, max-snippet:-1, max-image-preview:large, max-video-preview:-1\" \/>\n<link rel=\"canonical\" href=\"https:\/\/intersalon.ee\/en\/about-us\/madli-maasikas\/\" \/>\n<meta property=\"og:locale\" content=\"en_US\" \/>\n<meta property=\"og:type\" content=\"article\" \/>\n<meta property=\"og:title\" content=\"Madli Maasikas - Ilusalong Intersalon\" \/>\n<meta property=\"og:url\" content=\"https:\/\/intersalon.ee\/en\/about-us\/madli-maasikas\/\" \/>\n<meta property=\"og:site_name\" content=\"Ilusalong Intersalon\" \/>\n<meta property=\"article:publisher\" content=\"https:\/\/www.facebook.com\/IlusalongIntersalon\" \/>\n<meta property=\"og:image\" content=\"https:\/\/intersalon.ee\/wp-content\/uploads\/2019\/05\/MadliMaasikas_portree_web.jpg\" \/>\n\t<meta property=\"og:image:width\" content=\"2048\" \/>\n\t<meta property=\"og:image:height\" content=\"3071\" \/>\n\t<meta property=\"og:image:type\" content=\"image\/jpeg\" \/>\n<meta name=\"twitter:card\" content=\"summary_large_image\" \/>\n<meta name=\"twitter:label1\" content=\"Est. reading time\" \/>\n\t<meta name=\"twitter:data1\" content=\"1 minute\" \/>\n<script type=\"application\/ld+json\" class=\"yoast-schema-graph\">{\"@context\":\"https:\/\/schema.org\",\"@graph\":[{\"@type\":\"WebPage\",\"@id\":\"https:\/\/intersalon.ee\/en\/about-us\/madli-maasikas\/\",\"url\":\"https:\/\/intersalon.ee\/en\/about-us\/madli-maasikas\/\",\"name\":\"Madli Maasikas - Ilusalong Intersalon\",\"isPartOf\":{\"@id\":\"https:\/\/intersalon.ee\/#website\"},\"primaryImageOfPage\":{\"@id\":\"https:\/\/intersalon.ee\/en\/about-us\/madli-maasikas\/#primaryimage\"},\"image\":{\"@id\":\"https:\/\/intersalon.ee\/en\/about-us\/madli-maasikas\/#primaryimage\"},\"thumbnailUrl\":\"https:\/\/intersalon.ee\/wp-content\/uploads\/2019\/05\/MadliMaasikas_portree_web.jpg\",\"datePublished\":\"2019-05-05T14:42:30+00:00\",\"breadcrumb\":{\"@id\":\"https:\/\/intersalon.ee\/en\/about-us\/madli-maasikas\/#breadcrumb\"},\"inLanguage\":\"en-US\",\"potentialAction\":[{\"@type\":\"ReadAction\",\"target\":[\"https:\/\/intersalon.ee\/en\/about-us\/madli-maasikas\/\"]}]},{\"@type\":\"ImageObject\",\"inLanguage\":\"en-US\",\"@id\":\"https:\/\/intersalon.ee\/en\/about-us\/madli-maasikas\/#primaryimage\",\"url\":\"https:\/\/intersalon.ee\/wp-content\/uploads\/2019\/05\/MadliMaasikas_portree_web.jpg\",\"contentUrl\":\"https:\/\/intersalon.ee\/wp-content\/uploads\/2019\/05\/MadliMaasikas_portree_web.jpg\",\"width\":2048,\"height\":3071,\"caption\":\"jumestaja Madli Maasikas\"},{\"@type\":\"BreadcrumbList\",\"@id\":\"https:\/\/intersalon.ee\/en\/about-us\/madli-maasikas\/#breadcrumb\",\"itemListElement\":[{\"@type\":\"ListItem\",\"position\":1,\"name\":\"Home\",\"item\":\"https:\/\/intersalon.ee\/en\/\"},{\"@type\":\"ListItem\",\"position\":2,\"name\":\"About us\",\"item\":\"https:\/\/intersalon.ee\/en\/about-us\/\"},{\"@type\":\"ListItem\",\"position\":3,\"name\":\"Madli Maasikas\"}]},{\"@type\":\"WebSite\",\"@id\":\"https:\/\/intersalon.ee\/#website\",\"url\":\"https:\/\/intersalon.ee\/\",\"name\":\"Ilusalong Tallinnas\",\"description\":\"Ilusalong Tallinnas\",\"publisher\":{\"@id\":\"https:\/\/intersalon.ee\/#organization\"},\"potentialAction\":[{\"@type\":\"SearchAction\",\"target\":{\"@type\":\"EntryPoint\",\"urlTemplate\":\"https:\/\/intersalon.ee\/?s={search_term_string}\"},\"query-input\":{\"@type\":\"PropertyValueSpecification\",\"valueRequired\":true,\"valueName\":\"search_term_string\"}}],\"inLanguage\":\"en-US\"},{\"@type\":\"Organization\",\"@id\":\"https:\/\/intersalon.ee\/#organization\",\"name\":\"Ilusalong Intersalon\",\"url\":\"https:\/\/intersalon.ee\/\",\"logo\":{\"@type\":\"ImageObject\",\"inLanguage\":\"en-US\",\"@id\":\"https:\/\/intersalon.ee\/#\/schema\/logo\/image\/\",\"url\":\"https:\/\/intersalon.ee\/wp-content\/uploads\/2015\/09\/intersalon_logo.png\",\"contentUrl\":\"https:\/\/intersalon.ee\/wp-content\/uploads\/2015\/09\/intersalon_logo.png\",\"width\":519,\"height\":370,\"caption\":\"Ilusalong Intersalon\"},\"image\":{\"@id\":\"https:\/\/intersalon.ee\/#\/schema\/logo\/image\/\"},\"sameAs\":[\"https:\/\/www.facebook.com\/IlusalongIntersalon\",\"https:\/\/www.instagram.com\/ilusalongintersalon\/\",\"https:\/\/www.pinterest.com\/intersalon\/\",\"https:\/\/www.youtube.com\/channel\/UC1ggIlZOY_4v9qbzPLCE5Zg\"]}]}<\/script>\n<!-- \/ Yoast SEO plugin. -->","yoast_head_json":{"title":"Madli Maasikas - Ilusalong Intersalon","robots":{"index":"index","follow":"follow","max-snippet":"max-snippet:-1","max-image-preview":"max-image-preview:large","max-video-preview":"max-video-preview:-1"},"canonical":"https:\/\/intersalon.ee\/en\/about-us\/madli-maasikas\/","og_locale":"en_US","og_type":"article","og_title":"Madli Maasikas - Ilusalong Intersalon","og_url":"https:\/\/intersalon.ee\/en\/about-us\/madli-maasikas\/","og_site_name":"Ilusalong Intersalon","article_publisher":"https:\/\/www.facebook.com\/IlusalongIntersalon","og_image":[{"width":2048,"height":3071,"url":"https:\/\/intersalon.ee\/wp-content\/uploads\/2019\/05\/MadliMaasikas_portree_web.jpg","type":"image\/jpeg"}],"twitter_card":"summary_large_image","twitter_misc":{"Est. reading time":"1 minute"},"schema":{"@context":"https:\/\/schema.org","@graph":[{"@type":"WebPage","@id":"https:\/\/intersalon.ee\/en\/about-us\/madli-maasikas\/","url":"https:\/\/intersalon.ee\/en\/about-us\/madli-maasikas\/","name":"Madli Maasikas - Ilusalong Intersalon","isPartOf":{"@id":"https:\/\/intersalon.ee\/#website"},"primaryImageOfPage":{"@id":"https:\/\/intersalon.ee\/en\/about-us\/madli-maasikas\/#primaryimage"},"image":{"@id":"https:\/\/intersalon.ee\/en\/about-us\/madli-maasikas\/#primaryimage"},"thumbnailUrl":"https:\/\/intersalon.ee\/wp-content\/uploads\/2019\/05\/MadliMaasikas_portree_web.jpg","datePublished":"2019-05-05T14:42:30+00:00","breadcrumb":{"@id":"https:\/\/intersalon.ee\/en\/about-us\/madli-maasikas\/#breadcrumb"},"inLanguage":"en-US","potentialAction":[{"@type":"ReadAction","target":["https:\/\/intersalon.ee\/en\/about-us\/madli-maasikas\/"]}]},{"@type":"ImageObject","inLanguage":"en-US","@id":"https:\/\/intersalon.ee\/en\/about-us\/madli-maasikas\/#primaryimage","url":"https:\/\/intersalon.ee\/wp-content\/uploads\/2019\/05\/MadliMaasikas_portree_web.jpg","contentUrl":"https:\/\/intersalon.ee\/wp-content\/uploads\/2019\/05\/MadliMaasikas_portree_web.jpg","width":2048,"height":3071,"caption":"jumestaja Madli Maasikas"},{"@type":"BreadcrumbList","@id":"https:\/\/intersalon.ee\/en\/about-us\/madli-maasikas\/#breadcrumb","itemListElement":[{"@type":"ListItem","position":1,"name":"Home","item":"https:\/\/intersalon.ee\/en\/"},{"@type":"ListItem","position":2,"name":"About us","item":"https:\/\/intersalon.ee\/en\/about-us\/"},{"@type":"ListItem","position":3,"name":"Madli Maasikas"}]},{"@type":"WebSite","@id":"https:\/\/intersalon.ee\/#website","url":"https:\/\/intersalon.ee\/","name":"Ilusalong Tallinnas","description":"Ilusalong Tallinnas","publisher":{"@id":"https:\/\/intersalon.ee\/#organization"},"potentialAction":[{"@type":"SearchAction","target":{"@type":"EntryPoint","urlTemplate":"https:\/\/intersalon.ee\/?s={search_term_string}"},"query-input":{"@type":"PropertyValueSpecification","valueRequired":true,"valueName":"search_term_string"}}],"inLanguage":"en-US"},{"@type":"Organization","@id":"https:\/\/intersalon.ee\/#organization","name":"Ilusalong Intersalon","url":"https:\/\/intersalon.ee\/","logo":{"@type":"ImageObject","inLanguage":"en-US","@id":"https:\/\/intersalon.ee\/#\/schema\/logo\/image\/","url":"https:\/\/intersalon.ee\/wp-content\/uploads\/2015\/09\/intersalon_logo.png","contentUrl":"https:\/\/intersalon.ee\/wp-content\/uploads\/2015\/09\/intersalon_logo.png","width":519,"height":370,"caption":"Ilusalong Intersalon"},"image":{"@id":"https:\/\/intersalon.ee\/#\/schema\/logo\/image\/"},"sameAs":["https:\/\/www.facebook.com\/IlusalongIntersalon","https:\/\/www.instagram.com\/ilusalongintersalon\/","https:\/\/www.pinterest.com\/intersalon\/","https:\/\/www.youtube.com\/channel\/UC1ggIlZOY_4v9qbzPLCE5Zg"]}]}},"_links":{"self":[{"href":"https:\/\/intersalon.ee\/en\/wp-json\/wp\/v2\/pages\/8106","targetHints":{"allow":["GET"]}}],"collection":[{"href":"https:\/\/intersalon.ee\/en\/wp-json\/wp\/v2\/pages"}],"about":[{"href":"https:\/\/intersalon.ee\/en\/wp-json\/wp\/v2\/types\/page"}],"author":[{"embeddable":true,"href":"https:\/\/intersalon.ee\/en\/wp-json\/wp\/v2\/users\/1"}],"replies":[{"embeddable":true,"href":"https:\/\/intersalon.ee\/en\/wp-json\/wp\/v2\/comments?post=8106"}],"version-history":[{"count":6,"href":"https:\/\/intersalon.ee\/en\/wp-json\/wp\/v2\/pages\/8106\/revisions"}],"predecessor-version":[{"id":8114,"href":"https:\/\/intersalon.ee\/en\/wp-json\/wp\/v2\/pages\/8106\/revisions\/8114"}],"up":[{"embeddable":true,"href":"https:\/\/intersalon.ee\/en\/wp-json\/wp\/v2\/pages\/5368"}],"wp:featuredmedia":[{"embeddable":true,"href":"https:\/\/intersalon.ee\/en\/wp-json\/wp\/v2\/media\/8107"}],"wp:attachment":[{"href":"https:\/\/intersalon.ee\/en\/wp-json\/wp\/v2\/media?parent=8106"}],"curies":[{"name":"wp","href":"https:\/\/api.w.org\/{rel}","templated":true}]}}